{"id":12,"date":"2025-09-27T17:47:12","date_gmt":"2025-09-27T17:47:12","guid":{"rendered":"https:\/\/useful-upasana-z3v5.zipwp.link\/?page_id=12"},"modified":"2025-09-27T17:47:12","modified_gmt":"2025-09-27T17:47:12","slug":"about","status":"publish","type":"page","link":"https:\/\/www.petitdemenageur.fr\/blog\/about\/","title":{"rendered":"About"},"content":{"rendered":"\n<div class=\"wp-block-uagb-container uagb-layout-flex uagb-block-2c41d92f alignfull uagb-is-root-container\"><div class=\"uagb-container-inner-blocks-wrap\"><\/div><\/div>\n\n\n\n<div class=\"wp-block-uagb-container uagb-layout-flex uagb-block-42d46032 alignfull uagb-is-root-container\"><div class=\"uagb-container-inner-blocks-wrap\">\n<div class=\"wp-block-uagb-container uagb-block-6629aa60\">\n<div class=\"wp-block-uagb-container uag-blocks-common-selector uagb-layout-flex uagb-block-bd571728\">\n<div class=\"wp-block-uagb-info-box uagb-block-99c0cc65 uagb-infobox__content-wrap  uagb-infobox-icon-above-title uagb-infobox-image-valign-top wp-block-uagb-info-box--has-margin\"><div class=\"uagb-infobox-margin-wrapper\"><div class=\"uagb-ifb-content\"><div class=\"uagb-ifb-title-wrap\"><p class=\"uagb-ifb-title-prefix\">\u00c0 propos<\/p><h1 class=\"uagb-ifb-title\">D\u00e9couvrez notre expertise en d\u00e9m\u00e9nagement \u00e9conomique et urgent<\/h1><\/div><p class=\"uagb-ifb-desc\">Chez Petit D\u00e9m\u00e9nageur, nous avons aid\u00e9 des centaines de clients \u00e0 d\u00e9m\u00e9nager sans stress gr\u00e2ce \u00e0 nos services rapides et abordables. Notre engagement envers la satisfaction client fait de nous un choix de confiance \u00e0 Paris et en \u00cele-de-France.<\/p><\/div><\/div><\/div>\n<\/div>\n\n\n\n<div class=\"wp-block-uagb-container uag-blocks-common-selector uagb-layout-flex uagb-block-9bbf71ca\">\n<div class=\"wp-block-uagb-image uagb-block-e106f6fc wp-block-uagb-image--layout-default wp-block-uagb-image--effect-static wp-block-uagb-image--align-none\"><figure class=\"wp-block-uagb-image__figure\"><img decoding=\"async\" srcset=\"https:\/\/www.petitdemenageur.fr\/blog\/wp-content\/uploads\/2025\/09\/a-man-in-a-jacket-loading-boxes-in-a-van-4391486.jpeg ,https:\/\/www.petitdemenageur.fr\/blog\/wp-content\/uploads\/2025\/09\/a-man-in-a-jacket-loading-boxes-in-a-van-4391486.jpeg 780w, https:\/\/www.petitdemenageur.fr\/blog\/wp-content\/uploads\/2025\/09\/a-man-in-a-jacket-loading-boxes-in-a-van-4391486.jpeg 360w\" sizes=\"auto, (max-width: 480px) 150px\" src=\"https:\/\/www.petitdemenageur.fr\/blog\/wp-content\/uploads\/2025\/09\/a-man-in-a-jacket-loading-boxes-in-a-van-4391486.jpeg\" alt=\"Man in colorful jacket loading cardboard boxes into a van outside an office building.\" class=\"uag-image-1241\" width=\"510\" height=\"340\" title=\"creative-approach-img\" loading=\"lazy\" role=\"img\"\/><\/figure><\/div>\n\n\n\n<div class=\"wp-block-uagb-info-box uagb-block-8f31a05b uagb-infobox__content-wrap  uagb-infobox-icon-above-title uagb-infobox-image-valign-top wp-block-uagb-info-box--has-margin\"><div class=\"uagb-infobox-margin-wrapper\"><div class=\"uagb-ifb-content\"><div class=\"uagb-ifb-title-wrap\"><p class=\"uagb-ifb-title-prefix\">Notre strat\u00e9gie<\/p><h2 class=\"uagb-ifb-title\">Notre approche centr\u00e9e sur le client<\/h2><\/div><p class=\"uagb-ifb-desc\">Nous croyons en une communication transparente et une planification minutieuse. Chaque projet est personnalis\u00e9, garantissant que tous les d\u00e9tails sont pris en compte pour un d\u00e9m\u00e9nagement r\u00e9ussi.<\/p><\/div><\/div><\/div>\n<\/div>\n<\/div>\n\n\n\n<div class=\"wp-block-uagb-container uagb-block-0c52d394 alignfull uagb-is-root-container\"><div class=\"uagb-container-inner-blocks-wrap\">\n<div class=\"wp-block-uagb-container uag-blocks-common-selector uagb-layout-grid uagb-block-e3f00284\">\n<div class=\"wp-block-uagb-image uagb-block-2c6b23d0 wp-block-uagb-image--layout-default wp-block-uagb-image--effect-static wp-block-uagb-image--align-none\"><figure class=\"wp-block-uagb-image__figure\"><img decoding=\"async\" srcset=\"https:\/\/www.petitdemenageur.fr\/blog\/wp-content\/uploads\/2025\/09\/man-and-woman-sitting-on-blue-couch-7464720.jpeg ,https:\/\/www.petitdemenageur.fr\/blog\/wp-content\/uploads\/2025\/09\/man-and-woman-sitting-on-blue-couch-7464720.jpeg 780w, https:\/\/www.petitdemenageur.fr\/blog\/wp-content\/uploads\/2025\/09\/man-and-woman-sitting-on-blue-couch-7464720.jpeg 360w\" sizes=\"auto, (max-width: 480px) 150px\" src=\"https:\/\/www.petitdemenageur.fr\/blog\/wp-content\/uploads\/2025\/09\/man-and-woman-sitting-on-blue-couch-7464720.jpeg\" alt=\"Two movers taking a break on a green sofa outside an urban building, enjoying the day.\" class=\"uag-image-1256\" width=\"512\" height=\"340\" title=\"about-img\" loading=\"lazy\" role=\"img\"\/><\/figure><\/div>\n<\/div>\n\n\n\n<div class=\"wp-block-uagb-container uag-blocks-common-selector uagb-layout-flex uagb-block-2b79cca5\">\n<div class=\"wp-block-uagb-info-box uagb-block-03d80a89 uagb-infobox__content-wrap  uagb-infobox-icon-above-title uagb-infobox-image-valign-top wp-block-uagb-info-box--has-margin\"><div class=\"uagb-infobox-margin-wrapper\"><div class=\"uagb-ifb-content\"><div class=\"uagb-ifb-title-wrap\"><p class=\"uagb-ifb-title-prefix\">Notre parcours<\/p><h2 class=\"uagb-ifb-title\">L&rsquo;histoire de Petit D\u00e9m\u00e9nageur<\/h2><\/div><p class=\"uagb-ifb-desc\">Petit D\u00e9m\u00e9nageur a \u00e9t\u00e9 fond\u00e9 avec pour mission de rendre le d\u00e9m\u00e9nagement accessible \u00e0 tous. Depuis nos d\u00e9buts, nous avons constamment \u00e9largi nos services pour r\u00e9pondre aux besoins diversifi\u00e9s de notre client\u00e8le.<\/p><\/div><\/div><\/div>\n\n\n\n<div class=\"wp-block-uagb-advanced-heading uagb-block-fb20a39e\"><p class=\"uagb-heading-text\">Notre \u00e9quipe s&rsquo;est engag\u00e9e \u00e0 offrir des solutions de d\u00e9m\u00e9nagement fiables et \u00e9conomiques, transformant ainsi le processus souvent \u00e9prouvant du d\u00e9m\u00e9nagement en une exp\u00e9rience simplifi\u00e9e et agr\u00e9able.<\/p><\/div>\n<\/div>\n<\/div><\/div>\n<\/div><\/div>\n\n\n\n<div class=\"wp-block-uagb-container uagb-layout-grid uagb-block-46aa93fc alignfull uagb-is-root-container\"><div class=\"uagb-container-inner-blocks-wrap\">\n<div class=\"wp-block-uagb-container uag-blocks-common-selector uagb-layout-flex uagb-block-a90344ef\">\n<div class=\"wp-block-uagb-image uagb-block-91bc4dda wp-block-uagb-image--layout-default wp-block-uagb-image--effect-static wp-block-uagb-image--align-none\"><figure class=\"wp-block-uagb-image__figure\"><img decoding=\"async\" srcset=\"https:\/\/www.petitdemenageur.fr\/blog\/wp-content\/uploads\/2025\/09\/delivery-man-getting-parcels-from-a-van-6169060.jpeg ,https:\/\/www.petitdemenageur.fr\/blog\/wp-content\/uploads\/2025\/09\/delivery-man-getting-parcels-from-a-van-6169060.jpeg 780w, https:\/\/www.petitdemenageur.fr\/blog\/wp-content\/uploads\/2025\/09\/delivery-man-getting-parcels-from-a-van-6169060.jpeg 360w\" sizes=\"auto, (max-width: 480px) 150px\" src=\"https:\/\/www.petitdemenageur.fr\/blog\/wp-content\/uploads\/2025\/09\/delivery-man-getting-parcels-from-a-van-6169060.jpeg\" alt=\"A courier organizing boxes in a delivery van for shipment on a cloudy day.\" class=\"uag-image-1248\" width=\"574\" height=\"340\" title=\"core-values\" loading=\"lazy\" role=\"img\"\/><\/figure><\/div>\n\n\n\n<div class=\"wp-block-uagb-advanced-heading uagb-block-e687ec9d\"><h3 class=\"uagb-heading-text\">Nos valeurs<\/h3><p class=\"uagb-desc-text\">Nous valorisons l&rsquo;int\u00e9grit\u00e9, le professionnalisme et l&rsquo;engagement envers la satisfaction de nos clients, tout en pr\u00f4nant la durabilit\u00e9 et le respect de l&rsquo;environnement dans tout ce que nous faisons.<\/p><\/div>\n<\/div>\n\n\n\n<div class=\"wp-block-uagb-container uag-blocks-common-selector uagb-layout-flex uagb-block-7d7aefe1\">\n<div class=\"wp-block-uagb-image uagb-block-1d17c7c5 wp-block-uagb-image--layout-default wp-block-uagb-image--effect-static wp-block-uagb-image--align-none\"><figure class=\"wp-block-uagb-image__figure\"><img decoding=\"async\" srcset=\"https:\/\/www.petitdemenageur.fr\/blog\/wp-content\/uploads\/2025\/09\/couple-friends-glass-apartment-7464724.jpeg ,https:\/\/www.petitdemenageur.fr\/blog\/wp-content\/uploads\/2025\/09\/couple-friends-glass-apartment-7464724.jpeg 780w, https:\/\/www.petitdemenageur.fr\/blog\/wp-content\/uploads\/2025\/09\/couple-friends-glass-apartment-7464724.jpeg 360w\" sizes=\"auto, (max-width: 480px) 150px\" src=\"https:\/\/www.petitdemenageur.fr\/blog\/wp-content\/uploads\/2025\/09\/couple-friends-glass-apartment-7464724.jpeg\" alt=\"A couple carrying moving boxes indoors, settling into their new apartment.\" class=\"uag-image-1254\" width=\"574\" height=\"340\" title=\"our-mission\" loading=\"lazy\" role=\"img\"\/><\/figure><\/div>\n\n\n\n<div class=\"wp-block-uagb-advanced-heading uagb-block-6f2551cb\"><h3 class=\"uagb-heading-text\">Notre mission<\/h3><p class=\"uagb-desc-text\">Notre mission est de fournir des services de d\u00e9m\u00e9nagement abordables et fiables, en apportant tranquillit\u00e9 d&rsquo;esprit \u00e0 nos clients avec des solutions rapides et efficaces.<\/p><\/div>\n<\/div>\n<\/div><\/div>\n\n\n\n<div class=\"wp-block-uagb-container uag-blocks-common-selector uagb-layout-flex uagb-block-1b6f8c6f default uagb-is-root-container\">\n<div class=\"wp-block-uagb-info-box uagb-block-2abebf24 uagb-infobox__content-wrap  uagb-infobox-icon-above-title uagb-infobox-image-valign-top wp-block-uagb-info-box--has-margin\"><div class=\"uagb-infobox-margin-wrapper\"><div class=\"uagb-ifb-content\"><div class=\"uagb-ifb-icon-wrap\"><svg xmlns=\"https:\/\/www.w3.org\/2000\/svg\" viewBox=\"0 0 448 512\"><path d=\"M96 96C42.98 96 0 138.1 0 192s42.98 96 96 96c11.28 0 21.95-2.305 32-5.879V288c0 35.3-28.7 64-64 64c-17.67 0-32 14.33-32 32s14.33 32 32 32c70.58 0 128-57.42 128-128V192C192 138.1 149 96 96 96zM448 192c0-53.02-42.98-96-96-96s-96 42.98-96 96s42.98 96 96 96c11.28 0 21.95-2.305 32-5.879V288c0 35.3-28.7 64-64 64c-17.67 0-32 14.33-32 32s14.33 32 32 32c70.58 0 128-57.42 128-128V192z\"><\/path><\/svg><\/div><div class=\"uagb-ifb-title-wrap\"><p class=\"uagb-ifb-title\">Je crois fermement que chaque d\u00e9m\u00e9nagement peut \u00eatre une exp\u00e9rience positive. Notre \u00e9quipe est d\u00e9di\u00e9e \u00e0 transformer ce moment crucial en une transition fluide et agr\u00e9ablement m\u00e9morable pour nos clients.<\/p><\/div><p class=\"uagb-ifb-desc\">\u2014 Marc Dupont, Fondateur<\/p><\/div><\/div><\/div>\n<\/div>\n\n\n\n<div class=\"wp-block-uagb-container uagb-block-387e3e95 alignfull uagb-is-root-container\"><div class=\"uagb-container-inner-blocks-wrap\">\n<div class=\"wp-block-uagb-advanced-heading uagb-block-74dfce91\"><p class=\"uagb-desc-text\">Rencontrez notre \u00e9quipe d\u00e9vou\u00e9e<\/p><h2 class=\"uagb-heading-text\">L&rsquo;\u00e9quipe de Petit D\u00e9m\u00e9nageur \u00e0 votre service<\/h2><\/div>\n\n\n\n<div class=\"wp-block-uagb-container uagb-layout-flex uagb-block-84b949e2\">\n<div class=\"wp-block-uagb-container uagb-layout-flex uagb-block-e39e089e\">\n<div class=\"wp-block-uagb-advanced-heading uagb-block-ce710774\"><p class=\"uagb-heading-text\">Emily Carter<\/p><\/div>\n<\/div>\n\n\n\n<div class=\"wp-block-uagb-container uagb-block-fe69c94f\">\n<div class=\"wp-block-uagb-advanced-heading uagb-block-9004e2e7\"><p class=\"uagb-heading-text\">David Thompson<\/p><\/div>\n<\/div>\n\n\n\n<div class=\"wp-block-uagb-container uagb-block-771389e2\">\n<div class=\"wp-block-uagb-advanced-heading uagb-block-7b6f5e3e\"><p class=\"uagb-heading-text\">Sophie Martinez<\/p><\/div>\n<\/div>\n\n\n\n<div class=\"wp-block-uagb-container uagb-layout-flex uagb-block-7f964851\">\n<div class=\"wp-block-uagb-advanced-heading uagb-block-4868aa6e\"><p class=\"uagb-heading-text\">Michael Lee<\/p><\/div>\n<\/div>\n<\/div>\n<\/div><\/div>\n\n\n\n<div class=\"wp-block-uagb-container uagb-layout-flex uagb-block-05314e7e alignfull uagb-is-root-container\"><div class=\"uagb-container-inner-blocks-wrap\">\n<div class=\"wp-block-uagb-info-box uagb-block-8ce7620c uagb-infobox__content-wrap  uagb-infobox-icon-above-title uagb-infobox-image-valign-top wp-block-uagb-info-box--has-margin\"><div class=\"uagb-infobox-margin-wrapper\"><div class=\"uagb-ifb-content\"><div class=\"uagb-ifb-title-wrap\"><p class=\"uagb-ifb-title-prefix\">Pr\u00eat \u00e0 D\u00e9m\u00e9nager?<\/p><h1 class=\"uagb-ifb-title\">Contactez-nous Aujourd&rsquo;hui pour un Devis Impeccable!<\/h1><\/div><p class=\"uagb-ifb-desc\">Nos experts en d\u00e9m\u00e9nagement sont disponibles pour r\u00e9pondre \u00e0 vos questions et vous accompagner dans chaque \u00e9tape de votre projet.<\/p><div class=\"uagb-ifb-button-wrapper wp-block-button\"><a href=\"\/contact\" class=\"uagb-infobox-cta-link wp-block-button__link\" target=\"_self\" rel=\"noopener noreferrer\" onclick=\"return true;\"><span class=\"uagb-inline-editing\">Demandez un Devis<\/span><\/a><\/div><\/div><\/div><\/div>\n\n\n\n<div class=\"wp-block-uagb-advanced-heading uagb-block-341ebfb8\"><div class=\"uagb-heading-text\">Or<\/div><\/div>\n\n\n\n<div class=\"wp-block-uagb-advanced-heading uagb-block-fb2399ce\"><p class=\"uagb-heading-text\">Appeler: 202-555-0188<\/p><\/div>\n<\/div><\/div>\n","protected":false},"excerpt":{"rendered":"<p>Notre \u00e9quipe s&rsquo;est engag\u00e9e \u00e0 offrir des solutions de d\u00e9m\u00e9nagement fiables et \u00e9conomiques, transformant ainsi le processus souvent \u00e9prouvant du [&hellip;]<\/p>\n","protected":false},"author":4,"featured_media":0,"parent":0,"menu_order":0,"comment_status":"closed","ping_status":"closed","template":"","meta":{"_uag_custom_page_level_css":"","site-sidebar-layout":"default","site-content-layout":"","ast-site-content-layout":"default","site-content-style":"default","site-sidebar-style":"default","ast-global-header-display":"","ast-banner-title-visibility":"","ast-main-header-display":"","ast-hfb-above-header-display":"","ast-hfb-below-header-display":"","ast-hfb-mobile-header-display":"","site-post-title":"disabled","ast-breadcrumbs-content":"","ast-featured-img":"","footer-sml-layout":"","ast-disable-related-posts":"","theme-transparent-header-meta":"","adv-header-id-meta":"","stick-header-meta":"","header-above-stick-meta":"","header-main-stick-meta":"","header-below-stick-meta":"","astra-migrate-meta-layouts":"default","ast-page-background-enabled":"default","ast-page-background-meta":{"desktop":{"background-color":"var(--ast-global-color-4)","background-image":"","background-repeat":"repeat","background-position":"center center","background-size":"auto","background-attachment":"scroll","background-type":"","background-media":"","overlay-type":"","overlay-color":"","overlay-opacity":"","overlay-gradient":""},"tablet":{"background-color":"","background-image":"","background-repeat":"repeat","background-position":"center center","background-size":"auto","background-attachment":"scroll","background-type":"","background-media":"","overlay-type":"","overlay-color":"","overlay-opacity":"","overlay-gradient":""},"mobile":{"background-color":"","background-image":"","background-repeat":"repeat","background-position":"center center","background-size":"auto","background-attachment":"scroll","background-type":"","background-media":"","overlay-type":"","overlay-color":"","overlay-opacity":"","overlay-gradient":""}},"ast-content-background-meta":{"desktop":{"background-color":"var(--ast-global-color-5)","background-image":"","background-repeat":"repeat","background-position":"center center","background-size":"auto","background-attachment":"scroll","background-type":"","background-media":"","overlay-type":"","overlay-color":"","overlay-opacity":"","overlay-gradient":""},"tablet":{"background-color":"var(--ast-global-color-5)","background-image":"","background-repeat":"repeat","background-position":"center center","background-size":"auto","background-attachment":"scroll","background-type":"","background-media":"","overlay-type":"","overlay-color":"","overlay-opacity":"","overlay-gradient":""},"mobile":{"background-color":"var(--ast-global-color-5)","background-image":"","background-repeat":"repeat","background-position":"center center","background-size":"auto","background-attachment":"scroll","background-type":"","background-media":"","overlay-type":"","overlay-color":"","overlay-opacity":"","overlay-gradient":""}},"footnotes":""},"class_list":["post-12","page","type-page","status-publish","hentry"],"uagb_featured_image_src":{"full":false,"thumbnail":false,"medium":false,"medium_large":false,"large":false,"1536x1536":false,"2048x2048":false},"uagb_author_info":{"display_name":"Claude Dong","author_link":"https:\/\/www.petitdemenageur.fr\/blog\/author\/nu8yonubonpz\/"},"uagb_comment_info":0,"uagb_excerpt":"Notre \u00e9quipe s&rsquo;est engag\u00e9e \u00e0 offrir des solutions de d\u00e9m\u00e9nagement fiables et \u00e9conomiques, transformant ainsi le processus souvent \u00e9prouvant du [&hellip;]","_links":{"self":[{"href":"https:\/\/www.petitdemenageur.fr\/blog\/wp-json\/wp\/v2\/pages\/12","targetHints":{"allow":["GET"]}}],"collection":[{"href":"https:\/\/www.petitdemenageur.fr\/blog\/wp-json\/wp\/v2\/pages"}],"about":[{"href":"https:\/\/www.petitdemenageur.fr\/blog\/wp-json\/wp\/v2\/types\/page"}],"author":[{"embeddable":true,"href":"https:\/\/www.petitdemenageur.fr\/blog\/wp-json\/wp\/v2\/users\/4"}],"replies":[{"embeddable":true,"href":"https:\/\/www.petitdemenageur.fr\/blog\/wp-json\/wp\/v2\/comments?post=12"}],"version-history":[{"count":1,"href":"https:\/\/www.petitdemenageur.fr\/blog\/wp-json\/wp\/v2\/pages\/12\/revisions"}],"predecessor-version":[{"id":1268,"href":"https:\/\/www.petitdemenageur.fr\/blog\/wp-json\/wp\/v2\/pages\/12\/revisions\/1268"}],"wp:attachment":[{"href":"https:\/\/www.petitdemenageur.fr\/blog\/wp-json\/wp\/v2\/media?parent=12"}],"curies":[{"name":"wp","href":"https:\/\/api.w.org\/{rel}","templated":true}]}}