{"id":13,"date":"2025-09-27T17:47:12","date_gmt":"2025-09-27T17:47:12","guid":{"rendered":"https:\/\/useful-upasana-z3v5.zipwp.link\/?page_id=13"},"modified":"2025-09-27T17:47:12","modified_gmt":"2025-09-27T17:47:12","slug":"services","status":"publish","type":"page","link":"https:\/\/www.petitdemenageur.fr\/blog\/services\/","title":{"rendered":"Services"},"content":{"rendered":"\n<div class=\"wp-block-uagb-container uagb-layout-flex uagb-block-2c41d92f alignfull uagb-is-root-container\"><div class=\"uagb-container-inner-blocks-wrap\"><\/div><\/div>\n\n\n\n<div class=\"wp-block-uagb-container uagb-layout-grid uagb-block-2817d0b1 alignfull uagb-is-root-container\"><div class=\"uagb-container-inner-blocks-wrap\">\n<div class=\"wp-block-uagb-container uag-blocks-common-selector uagb-layout-flex uagb-block-bd571728\">\n<div class=\"wp-block-uagb-info-box uagb-block-99c0cc65 uagb-infobox__content-wrap  uagb-infobox-icon-above-title uagb-infobox-image-valign-top wp-block-uagb-info-box--has-margin\"><div class=\"uagb-infobox-margin-wrapper\"><div class=\"uagb-ifb-content\"><div class=\"uagb-ifb-title-wrap\"><p class=\"uagb-ifb-title-prefix\">Services<\/p><h1 class=\"uagb-ifb-title\">Nos services de d\u00e9m\u00e9nagement \u00e0 Paris<\/h1><\/div><p class=\"uagb-ifb-desc\">D\u00e9couvrez une gamme compl\u00e8te de services de d\u00e9m\u00e9nagement abordables et efficaces pour tous vos besoins, du petit volume au transport d&rsquo;urgence, assur\u00e9s par des professionnels exp\u00e9riment\u00e9s \u00e0 Paris et en \u00cele-de-France.<\/p><\/div><\/div><\/div>\n<\/div>\n\n\n\n<div class=\"wp-block-uagb-container uag-blocks-common-selector uagb-layout-grid uagb-block-e3f00284\">\n<div class=\"wp-block-uagb-advanced-heading uagb-block-c024826e\"><p class=\"uagb-desc-text\">Notre processus<\/p><h2 class=\"uagb-heading-text\">D\u00e9couvrez notre m\u00e9thode organis\u00e9e pour un d\u00e9m\u00e9nagement r\u00e9ussi<\/h2><\/div>\n\n\n\n<div class=\"wp-block-uagb-advanced-heading uagb-block-743599e6\"><p class=\"uagb-desc-text\">\u00c9tape-01<\/p><h3 class=\"uagb-heading-text\">\u00c9valuation gratuite<\/h3><\/div>\n\n\n\n<div class=\"wp-block-uagb-advanced-heading uagb-block-b634476b\"><p class=\"uagb-desc-text\">\u00c9tape-02<\/p><h3 class=\"uagb-heading-text\">Planification personnalis\u00e9e<\/h3><\/div>\n\n\n\n<div class=\"wp-block-uagb-advanced-heading uagb-block-1aa7497a\"><p class=\"uagb-desc-text\">\u00c9tape-03<\/p><h3 class=\"uagb-heading-text\">Ex\u00e9cution rapide<\/h3><\/div>\n<\/div>\n<\/div><\/div>\n\n\n\n<div class=\"wp-block-uagb-container uagb-block-ebc27a13 alignfull uagb-is-root-container\"><div class=\"uagb-container-inner-blocks-wrap\">\n<div class=\"wp-block-uagb-container uagb-block-648d12f8\">\n<div class=\"wp-block-uagb-container uagb-block-674720e4\">\n<div class=\"wp-block-uagb-info-box uagb-block-6a0b3471 uagb-infobox__content-wrap  uagb-infobox-icon-above-title uagb-infobox-image-valign-top\"><div class=\"uagb-ifb-content\"><div class=\"uagb-ifb-title-wrap\"><h3 class=\"uagb-ifb-title-prefix\">01<\/h3><h3 class=\"uagb-ifb-title\">D\u00e9m\u00e9nagement petits volumes<\/h3><\/div><p class=\"uagb-ifb-desc\">Nous proposons un service de d\u00e9m\u00e9nagement sp\u00e9cialis\u00e9 pour les petits volumes, comprenant les studios et appartements F1 et F2, avec un transport \u00e9conomique \u00e0 travers toute la ville de Paris.<\/p><\/div><\/div>\n<\/div>\n<\/div>\n\n\n\n<div class=\"wp-block-uagb-container uagb-block-2f3fbe3d\">\n<div class=\"wp-block-uagb-container uagb-block-aaf1d8e9\">\n<div class=\"wp-block-uagb-info-box uagb-block-a272020b uagb-infobox__content-wrap  uagb-infobox-icon-above-title uagb-infobox-image-valign-top\"><div class=\"uagb-ifb-content\"><div class=\"uagb-ifb-title-wrap\"><h3 class=\"uagb-ifb-title-prefix\">02<\/h3><h3 class=\"uagb-ifb-title\">D\u00e9m\u00e9nagement urgent<\/h3><\/div><p class=\"uagb-ifb-desc\">Notre service de d\u00e9m\u00e9nagement urgent est disponible 24h\/24, offrant des interventions express sous 2 heures pour les besoins de derni\u00e8re minute, avec un camion \u00e0 prix comp\u00e9titif.<\/p><\/div><\/div>\n<\/div>\n<\/div>\n\n\n\n<div class=\"wp-block-uagb-container uagb-block-f2f946b6\">\n<div class=\"wp-block-uagb-container uagb-block-d8e8ef6c\">\n<div class=\"wp-block-uagb-info-box uagb-block-d6474b2b uagb-infobox__content-wrap  uagb-infobox-icon-above-title uagb-infobox-image-valign-top\"><div class=\"uagb-ifb-content\"><div class=\"uagb-ifb-title-wrap\"><h3 class=\"uagb-ifb-title-prefix\">03<\/h3><h3 class=\"uagb-ifb-title\">Transport de meubles<\/h3><\/div><p class=\"uagb-ifb-desc\">Nous offrons un transport s\u00fbr et fiable pour tous vos meubles, que ce soit \u00e0 Paris ou vers d&rsquo;autres villes europ\u00e9ennes, vous garantissant un service de qualit\u00e9 pour prot\u00e9ger vos biens.<\/p><\/div><\/div>\n<\/div>\n<\/div>\n\n\n\n<div class=\"wp-block-uagb-container uagb-block-93c7f408\">\n<div class=\"wp-block-uagb-container uagb-block-255deae5\">\n<div class=\"wp-block-uagb-info-box uagb-block-6f188a44 uagb-infobox__content-wrap  uagb-infobox-icon-above-title uagb-infobox-image-valign-top\"><div class=\"uagb-ifb-content\"><div class=\"uagb-ifb-title-wrap\"><h3 class=\"uagb-ifb-title-prefix\">04<\/h3><h3 class=\"uagb-ifb-title\">D\u00e9m\u00e9nagement partout en France<\/h3><\/div><p class=\"uagb-ifb-desc\">Notre entreprise assure le d\u00e9m\u00e9nagement dans toute la France, offrant des services de transport professionnels vers des destinations vari\u00e9es telles que Toulouse, Montpellier et plus encore, avec un tarif abordable.<\/p><\/div><\/div>\n<\/div>\n<\/div>\n\n\n\n<div class=\"wp-block-uagb-container uagb-block-0fd99add\">\n<div class=\"wp-block-uagb-container uagb-block-c8bfe7c5\">\n<div class=\"wp-block-uagb-info-box uagb-block-4fecdd96 uagb-infobox__content-wrap  uagb-infobox-icon-above-title uagb-infobox-image-valign-top\"><div class=\"uagb-ifb-content\"><div class=\"uagb-ifb-title-wrap\"><h3 class=\"uagb-ifb-title-prefix\">05<\/h3><h3 class=\"uagb-ifb-title\">Devis gratuit<\/h3><\/div><p class=\"uagb-ifb-desc\">Profitez d&rsquo;un devis gratuit et sans engagement pour vos besoins en d\u00e9m\u00e9nagement. Notre transparence sur les tarifs garantit une exp\u00e9rience sans surprises et adapt\u00e9e \u00e0 votre budget.<\/p><\/div><\/div>\n<\/div>\n<\/div>\n<\/div><\/div>\n\n\n\n<div class=\"wp-block-uagb-container uagb-layout-flex uagb-block-05314e7e alignfull uagb-is-root-container\"><div class=\"uagb-container-inner-blocks-wrap\">\n<div class=\"wp-block-uagb-info-box uagb-block-8ce7620c uagb-infobox__content-wrap  uagb-infobox-icon-above-title uagb-infobox-image-valign-top wp-block-uagb-info-box--has-margin\"><div class=\"uagb-infobox-margin-wrapper\"><div class=\"uagb-ifb-content\"><div class=\"uagb-ifb-title-wrap\"><p class=\"uagb-ifb-title-prefix\">Pr\u00eat \u00e0 D\u00e9m\u00e9nager?<\/p><h1 class=\"uagb-ifb-title\">Contactez-nous Aujourd&rsquo;hui pour un Devis Impeccable!<\/h1><\/div><p class=\"uagb-ifb-desc\">Nos experts en d\u00e9m\u00e9nagement sont disponibles pour r\u00e9pondre \u00e0 vos questions et vous accompagner dans chaque \u00e9tape de votre projet.<\/p><div class=\"uagb-ifb-button-wrapper wp-block-button\"><a href=\"\/contact\" class=\"uagb-infobox-cta-link wp-block-button__link\" target=\"_self\" rel=\"noopener noreferrer\" onclick=\"return true;\"><span class=\"uagb-inline-editing\">Demandez un Devis<\/span><\/a><\/div><\/div><\/div><\/div>\n\n\n\n<div class=\"wp-block-uagb-advanced-heading uagb-block-341ebfb8\"><div class=\"uagb-heading-text\">Or<\/div><\/div>\n\n\n\n<div class=\"wp-block-uagb-advanced-heading uagb-block-fb2399ce\"><p class=\"uagb-heading-text\">Appeler: 202-555-0188<\/p><\/div>\n<\/div><\/div>\n","protected":false},"excerpt":{"rendered":"<p>Notre processus D\u00e9couvrez notre m\u00e9thode organis\u00e9e pour un d\u00e9m\u00e9nagement r\u00e9ussi \u00c9tape-01 \u00c9valuation gratuite \u00c9tape-02 Planification personnalis\u00e9e \u00c9tape-03 Ex\u00e9cution rapide<\/p>\n","protected":false},"author":4,"featured_media":0,"parent":0,"menu_order":0,"comment_status":"closed","ping_status":"closed","template":"","meta":{"_uag_custom_page_level_css":"","site-sidebar-layout":"default","site-content-layout":"","ast-site-content-layout":"default","site-content-style":"default","site-sidebar-style":"default","ast-global-header-display":"","ast-banner-title-visibility":"","ast-main-header-display":"","ast-hfb-above-header-display":"","ast-hfb-below-header-display":"","ast-hfb-mobile-header-display":"","site-post-title":"disabled","ast-breadcrumbs-content":"","ast-featured-img":"","footer-sml-layout":"","ast-disable-related-posts":"","theme-transparent-header-meta":"","adv-header-id-meta":"","stick-header-meta":"","header-above-stick-meta":"","header-main-stick-meta":"","header-below-stick-meta":"","astra-migrate-meta-layouts":"default","ast-page-background-enabled":"default","ast-page-background-meta":{"desktop":{"background-color":"var(--ast-global-color-4)","background-image":"","background-repeat":"repeat","background-position":"center center","background-size":"auto","background-attachment":"scroll","background-type":"","background-media":"","overlay-type":"","overlay-color":"","overlay-opacity":"","overlay-gradient":""},"tablet":{"background-color":"","background-image":"","background-repeat":"repeat","background-position":"center center","background-size":"auto","background-attachment":"scroll","background-type":"","background-media":"","overlay-type":"","overlay-color":"","overlay-opacity":"","overlay-gradient":""},"mobile":{"background-color":"","background-image":"","background-repeat":"repeat","background-position":"center center","background-size":"auto","background-attachment":"scroll","background-type":"","background-media":"","overlay-type":"","overlay-color":"","overlay-opacity":"","overlay-gradient":""}},"ast-content-background-meta":{"desktop":{"background-color":"var(--ast-global-color-5)","background-image":"","background-repeat":"repeat","background-position":"center center","background-size":"auto","background-attachment":"scroll","background-type":"","background-media":"","overlay-type":"","overlay-color":"","overlay-opacity":"","overlay-gradient":""},"tablet":{"background-color":"var(--ast-global-color-5)","background-image":"","background-repeat":"repeat","background-position":"center center","background-size":"auto","background-attachment":"scroll","background-type":"","background-media":"","overlay-type":"","overlay-color":"","overlay-opacity":"","overlay-gradient":""},"mobile":{"background-color":"var(--ast-global-color-5)","background-image":"","background-repeat":"repeat","background-position":"center center","background-size":"auto","background-attachment":"scroll","background-type":"","background-media":"","overlay-type":"","overlay-color":"","overlay-opacity":"","overlay-gradient":""}},"footnotes":""},"class_list":["post-13","page","type-page","status-publish","hentry"],"uagb_featured_image_src":{"full":false,"thumbnail":false,"medium":false,"medium_large":false,"large":false,"1536x1536":false,"2048x2048":false},"uagb_author_info":{"display_name":"Claude Dong","author_link":"https:\/\/www.petitdemenageur.fr\/blog\/author\/nu8yonubonpz\/"},"uagb_comment_info":0,"uagb_excerpt":"Notre processus D\u00e9couvrez notre m\u00e9thode organis\u00e9e pour un d\u00e9m\u00e9nagement r\u00e9ussi \u00c9tape-01 \u00c9valuation gratuite \u00c9tape-02 Planification personnalis\u00e9e \u00c9tape-03 Ex\u00e9cution rapide","_links":{"self":[{"href":"https:\/\/www.petitdemenageur.fr\/blog\/wp-json\/wp\/v2\/pages\/13","targetHints":{"allow":["GET"]}}],"collection":[{"href":"https:\/\/www.petitdemenageur.fr\/blog\/wp-json\/wp\/v2\/pages"}],"about":[{"href":"https:\/\/www.petitdemenageur.fr\/blog\/wp-json\/wp\/v2\/types\/page"}],"author":[{"embeddable":true,"href":"https:\/\/www.petitdemenageur.fr\/blog\/wp-json\/wp\/v2\/users\/4"}],"replies":[{"embeddable":true,"href":"https:\/\/www.petitdemenageur.fr\/blog\/wp-json\/wp\/v2\/comments?post=13"}],"version-history":[{"count":1,"href":"https:\/\/www.petitdemenageur.fr\/blog\/wp-json\/wp\/v2\/pages\/13\/revisions"}],"predecessor-version":[{"id":1267,"href":"https:\/\/www.petitdemenageur.fr\/blog\/wp-json\/wp\/v2\/pages\/13\/revisions\/1267"}],"wp:attachment":[{"href":"https:\/\/www.petitdemenageur.fr\/blog\/wp-json\/wp\/v2\/media?parent=13"}],"curies":[{"name":"wp","href":"https:\/\/api.w.org\/{rel}","templated":true}]}}